{"id":1952,"date":"2017-01-04T09:22:16","date_gmt":"2017-01-04T08:22:16","guid":{"rendered":"http:\/\/www.olda.com\/en\/fittings\/manual-flush-bolt-olda-33-hzm-32-kopia\/"},"modified":"2025-08-27T10:25:15","modified_gmt":"2025-08-27T08:25:15","slug":"manual-flush-bolt-olda-33-hzm-r32","status":"publish","type":"product","link":"https:\/\/www.olda.com\/en\/fittings\/manual-flush-bolt-olda-33-hzm-r32\/","title":{"rendered":"Manual flush bolt <br>OLDA 33 HZM-R32"},"content":{"rendered":"","protected":false},"excerpt":{"rendered":"<h4>Function:<\/h4>\n<p>Manual, single action flush bolt for non-spring-loaded bolting of passive door leaf in double doors.<\/p>\n<h4>Features:<\/h4>\n<p>OLDA 33 HZM-R32 has a long bolt of 60 mm which makes it possible to use it also when there is a large gap between the door leaf and frame or sill, or when a sill is not fitted. It is also suitable for integration with automatic drop seals etc.<\/p>\n<p>The bolt is available in diameter 12, 10 or 8 mm.<\/p>\n<p>OLDA 33 HZM-R32 is bolted manually with a lever mechanism and has backset 32 mm (34 mm with forend) and forend width 22 mm.<\/p>\n<p>Similar dimensions as automatic flush bolt OLDA 33 HZA-R32F.<\/p>\n<p>Manufactured in steel. Coating: electro zinc plating.<\/p>\n<p>Stainless steel forend.<\/p>\n<h4>Usage:<\/h4>\n<p>To be recessed into doors of wood, steel or aluminium profiles, both <a href=\"https:\/\/www.olda.com\/docs\/olda-flush-bolt-type-0-L-R-jpg\/\" target=\"_blank\" rel=\"noopener\">up and\/or down<\/a> in the edge of passive door leaves.<\/p>\n<h4>Installation:<\/h4>\n<p>OLDA 33 HZM-R32 is fitted recessed in the edge of the door, <span data-teams=\"true\">with cut-out (flush) or without cut-out for the forend<\/span>.<\/p>\n<p>Fixed with two screws.<\/p>\n<h4>Accessories:<\/h4>\n<p>Lock tube LT 12 (17 x 13) for bolt \u00d812 mm, LT 10 (15 x 11) for bolt \u00d810 mm and LT 8 (13 x 9) for bolt \u00d88 mm.<\/p>\n<p>Guide tube GT 12 for bolt \u00d812 mm, GT 10 for bolt \u00d810 mm and GT 8 for bolt \u00d88 mm.<\/p>\n<h4>Specification:<\/h4>\n<ul>\n<li>Manual, single action and non-spring-loaded bolt function<\/li>\n<li>Bolt:\n<ul>\n<li>length: 60 mm<\/li>\n<li>diameter: 12, 10 or 8 mm<\/li>\n<li>projection: 18 mm<\/li>\n<li>adjustability: -7 \/ +10 mm<\/li>\n<\/ul>\n<\/li>\n<li>Round forend in stainless steel<\/li>\n<li>Product:\n<ul>\n<li>width: 22 mm<\/li>\n<li>height: 200 + 82 mm<\/li>\n<li>depth: 41 mm including forend: 2 mm<\/li>\n<\/ul>\n<\/li>\n<li>Backset including forend: 34 mm<\/li>\n<li>Installation: in door leaf edge\n<ul>\n<li><em>fixed with stainless steel screws, countersunk (rec. dim. 4\u00d720 mm), 2 pcs.<\/em><\/li>\n<\/ul>\n<\/li>\n<li>Accessories:\n<ul>\n<li>Lock tube LT\n<ul>\n<li><em>fastened with electro zinc plated screws, countersunk (rec. dim. 3,5\u00d716 mm), 2 pcs.<br \/>\n<\/em><\/li>\n<\/ul>\n<\/li>\n<li>Guide tube GT.\n<ul>\n<li><em>fastened with electro zinc plated screws, countersunk (rec. dim. 3,5\u00d716 mm), 2 pcs<\/em><em>.<\/em><\/li>\n<\/ul>\n<\/li>\n<\/ul>\n<\/li>\n<li>Material:\n<ul>\n<li>steel<\/li>\n<li>forend: stainless steel<\/li>\n<\/ul>\n<\/li>\n<li>Coating: electro zinc plating<\/li>\n<\/ul>\n<h4>Product ID:<\/h4>\n<h5>OLDA 33 HZM-R32 with bolt \u00d812 mm:<\/h5>\n<ul>\n<li><strong>11-133-0011-12xx<\/strong><\/li>\n<\/ul>\n<p style=\"padding-left: 40px;\"><em>note. Accessories and screws for installation are ordered separately, or as a part of different product KITs.<\/em><\/p>\n<h5>OLDA 33 HZM-R32 with bolt \u00d810 mm:<\/h5>\n<ul>\n<li><strong>11-133-0012-12xx<\/strong><\/li>\n<\/ul>\n<p style=\"padding-left: 40px;\"><em>note. Accessories and screws for installation are ordered separately, or as a part of different product KITs.<\/em><\/p>\n<h5>OLDA 33 HZM-R32 with bolt \u00d88 mm:<\/h5>\n<ul>\n<li><strong>11-133-0013-12xx<\/strong><\/li>\n<\/ul>\n<p style=\"padding-left: 40px;\"><em>note. Accessories and screws for installation are ordered separately, or as a part of different product KITs.<\/em><\/p>\n<h4>Related products:<\/h4>\n<p><a href=\"https:\/\/www.olda.com\/en\/fittings\/automatic-flush-bolt-olda-33-hza-r32f\/\">OLDA 33 HZA-R32F<br \/>\n<em>\u2013 automatic flush bolt, with similar dimensions<\/em><\/a><\/p>\n<h4>Complementary products:<\/h4>\n<p><a href=\"https:\/\/www.olda.com\/en\/product-category\/flush-bolts\/accessories\/\">OLDA accessories for flush bolts<\/a><\/p>\n<p><a href=\"https:\/\/www.olda.com\/en\/fittings\/dust-excluding-floor-socket-olda-fs\/\">OLDA FS 12 and 15<\/a><em><a href=\"https:\/\/www.olda.com\/en\/fittings\/dust-excluding-floor-socket-olda-fs\/\"><br \/>\n\u2013 stainless-steel dust-excluding floor sockets for screw fitting.<\/a><\/em><\/p>\n<p><a href=\"https:\/\/www.olda.com\/en\/fittings\/dust-excluding-floor-socket-olda-fs-r\/\">OLDA FS R12 and R15<\/a><em><a href=\"https:\/\/www.olda.com\/en\/fittings\/dust-excluding-floor-socket-olda-fs-r\/\"><br \/>\n\u2013 stainless-steel dust-excluding round floor sockets especially designed for gluing.<\/a><\/em><\/p>\n<h4>Also see:<\/h4>\n<p><a href=\"https:\/\/www.olda.com\/docs\/olda-flush-bolt-type-pdf\/\" target=\"_blank\" rel=\"noopener\">Type of OLDA flush bolt \u2013 guide (pdf)<\/a><em><br \/>\n<\/em><\/p>\n<p><a href=\"https:\/\/www.olda.com\/docs\/olda-flush-bolt-guide-pdf\/\" target=\"_blank\" rel=\"noopener\">OLDA Flush bolt guide (pdf)<\/a><\/p>\n<p><a href=\"https:\/\/www.olda.com\/en\/fitting-school\/\">OLDA Fittings school<\/a><\/p>\n<p><a href=\"https:\/\/www.olda.com\/docs\/olda-accessory-guide-pdf\/\" target=\"_blank\" rel=\"noopener\">Accessory guide OLDA (pdf)<\/a><\/p>\n<h4>Documents:<\/h4>\n<h5><em>33 HZM-R32 with bolt \u00d812 mm<\/em><\/h5>\n<pre><strong>product documents<\/strong>\r\n\r\n<em>product leaflet<\/em>\r\npdf: <a href=\"https:\/\/www.olda.com\/docs\/olda-33-hzm-r32-bolt-12x60-prod-en-pdf\/\" target=\"_blank\" rel=\"noopener\">33 HZM-R32 \u00d812<\/a>\r\n\r\n<em>dimensions<\/em>\r\npdf: <a href=\"https:\/\/www.olda.com\/docs\/olda-33-hzm-r32-bolt-12x60-cad-dd-pdf-2d\/\" target=\"_blank\" rel=\"noopener\">33 HZM-R32 \u00d812<\/a>\r\n\r\n<em>installation<\/em>\r\n - with forend cut-out:\r\npdf: <a href=\"https:\/\/www.olda.com\/docs\/olda-33-hzm-r32-bolt-12x60-mg-int-pdf\/\" target=\"_blank\" rel=\"noopener\">33 HZM-R32 \u00d812<\/a>\r\n - without forend cut-out:\r\npdf: <a href=\"https:\/\/www.olda.com\/docs\/olda-33-hzm-r32-bolt-12x60-mg-ext-pdf\/\" target=\"_blank\" rel=\"noopener\">33 HZM-R32 \u00d812<\/a>\r\n<\/pre>\n<pre><strong>product views - 2D<\/strong>\r\n\r\npdf: <a href=\"https:\/\/www.olda.com\/docs\/olda-33-hzm-r32-bolt-12x60-cad-vd-pdf-2d\/\" target=\"_blank\" rel=\"noopener\">33 HZM-R32 \u00d812<\/a>\r\ndxf: <a href=\"https:\/\/www.olda.com\/docs\/olda-33-hzm-r32-bolt-12x60-cad-vd-dxf-2d\/\" target=\"_blank\" rel=\"noopener\">33 HZM-R32 \u00d812<\/a>\r\ndwg: <a href=\"https:\/\/www.olda.com\/docs\/olda-33-hzm-r32-bolt-12x60-cad-vd-dwg-2d\/\" target=\"_blank\" rel=\"noopener\">33 HZM-R32 \u00d812<\/a>\r\n<\/pre>\n<pre><strong>product models - 3D<\/strong>\r\n\r\nstp: <a href=\"https:\/\/www.olda.com\/docs\/olda-33-hzm-r32-bolt-12x60-cad-stp-3d\/\" target=\"_blank\" rel=\"noopener\">33 HZM-R32 \u00d812<\/a>\r\nigs: <a href=\"https:\/\/www.olda.com\/docs\/olda-33-hzm-r32-bolt-12x60-cad-igs-3d\/\" target=\"_blank\" rel=\"noopener\">33 HZM-R32 \u00d812<\/a>\r\ndwg: <a href=\"https:\/\/www.olda.com\/docs\/olda-33-hzm-r32-bolt-12x60-cad-dwg-3d\/\" target=\"_blank\" rel=\"noopener\">33 HZM-R32 \u00d812<\/a>\r\nsat: <a href=\"https:\/\/www.olda.com\/docs\/olda-33-hzm-r32-bolt-12x60-cad-sat-3d\/\" target=\"_blank\" rel=\"noopener\">33 HZM-R32 \u00d812<\/a>\r\nipt: <a href=\"https:\/\/www.olda.com\/docs\/olda-33-hzm-r32-bolt-12x60-cad-ipt-3d\/\" target=\"_blank\" rel=\"noopener\">33 HZM-R32 \u00d812<\/a>\r\nstl: <a href=\"https:\/\/www.olda.com\/docs\/olda-33-hzm-r32-bolt-12x60-cad-stl-3d\/\" target=\"_blank\" rel=\"noopener\">33 HZM-R32 \u00d812<\/a>\r\n\r\npdf 3D: <a href=\"https:\/\/www.olda.com\/docs\/olda-33-hzm-r32-bolt-12x60-cad-pdf-3d\/\" target=\"_blank\" rel=\"noopener\">33 HZM-R32 \u00d812<\/a>\r\n<\/pre>\n<h5><em>33 HZM-R32 with bolt \u00d810 mm<\/em><\/h5>\n<pre><strong>product documents<\/strong>\r\n\r\n<em>product leaflet<\/em>\r\npdf: <a href=\"https:\/\/www.olda.com\/docs\/olda-33-hzm-r32-bolt-10x60-prod-en-pdf\/\" target=\"_blank\" rel=\"noopener\">33 HZM-R32 \u00d810<\/a>\r\n\r\n<em>dimensions<\/em>\r\npdf: <a href=\"https:\/\/www.olda.com\/docs\/olda-33-hzm-r32-bolt-10x60-cad-dd-pdf-2d\/\" target=\"_blank\" rel=\"noopener\">33 HZM-R32 \u00d810<\/a>\r\n\r\n<em>installation<\/em>\r\n - with forend cut-out:\r\npdf: <a href=\"https:\/\/www.olda.com\/docs\/olda-33-hzm-r32-bolt-10x60-mg-int-pdf\/\" target=\"_blank\" rel=\"noopener\">33 HZM-R32 \u00d810<\/a>\r\n - without forend cut-out:\r\npdf: <a href=\"https:\/\/www.olda.com\/docs\/olda-33-hzm-r32-bolt-10x60-mg-ext-pdf\/\" target=\"_blank\" rel=\"noopener\">33 HZM-R32 \u00d810<\/a>\r\n<\/pre>\n<pre><strong>product views - 2D<\/strong>\r\n\r\npdf: <a href=\"https:\/\/www.olda.com\/docs\/olda-33-hzm-r32-bolt-10x60-cad-vd-pdf-2d\/\" target=\"_blank\" rel=\"noopener\">33 HZM-R32 \u00d810<\/a>\r\ndxf: <a href=\"https:\/\/www.olda.com\/docs\/olda-33-hzm-r32-bolt-10x60-cad-vd-dxf-2d\/\" target=\"_blank\" rel=\"noopener\">33 HZM-R32 \u00d810<\/a>\r\ndwg: <a href=\"https:\/\/www.olda.com\/docs\/olda-33-hzm-r32-bolt-10x60-cad-vd-dwg-2d\/\" target=\"_blank\" rel=\"noopener\">33 HZM-R32 \u00d810<\/a>\r\n<\/pre>\n<pre><strong>product models - 3D<\/strong>\r\n\r\nstp: <a href=\"https:\/\/www.olda.com\/docs\/olda-33-hzm-r32-bolt-10x60-cad-stp-3d\/\" target=\"_blank\" rel=\"noopener\">33 HZM-R32 \u00d810<\/a>\r\nigs: <a href=\"https:\/\/www.olda.com\/docs\/olda-33-hzm-r32-bolt-10x60-cad-igs-3d\/\" target=\"_blank\" rel=\"noopener\">33 HZM-R32 \u00d810<\/a>\r\ndwg: <a href=\"https:\/\/www.olda.com\/docs\/olda-33-hzm-r32-bolt-10x60-cad-dwg-3d\/\" target=\"_blank\" rel=\"noopener\">33 HZM-R32 \u00d810<\/a>\r\nsat: <a href=\"https:\/\/www.olda.com\/docs\/olda-33-hzm-r32-bolt-10x60-cad-sat-3d\/\" target=\"_blank\" rel=\"noopener\">33 HZM-R32 \u00d810<\/a>\r\nipt: <a href=\"https:\/\/www.olda.com\/docs\/olda-33-hzm-r32-bolt-10x60-cad-ipt-3d\/\" target=\"_blank\" rel=\"noopener\">33 HZM-R32 \u00d810<\/a>\r\nstl: <a href=\"https:\/\/www.olda.com\/docs\/olda-33-hzm-r32-bolt-10x60-cad-stl-3d\/\" target=\"_blank\" rel=\"noopener\">33 HZM-R32 \u00d810<\/a>\r\n\r\npdf 3D: <a href=\"https:\/\/www.olda.com\/docs\/olda-33-hzm-r32-bolt-10x60-cad-pdf-3d\/\" target=\"_blank\" rel=\"noopener\">33 HZM-R32 \u00d810<\/a>\r\n<\/pre>\n<h5><em>33 HZM-R32 with bolt \u00d88 mm<\/em><\/h5>\n<pre><strong>product documents<\/strong>\r\n\r\n<em>product leaflet<\/em>\r\npdf: <a href=\"https:\/\/www.olda.com\/docs\/olda-33-hzm-r32-bolt-8x60-prod-en-pdf\/\" target=\"_blank\" rel=\"noopener\">33 HZM-R32 \u00d88<\/a>\r\n\r\n<em>dimensions<\/em>\r\npdf: <a href=\"https:\/\/www.olda.com\/docs\/olda-33-hzm-r32-bolt-8x60-cad-dd-pdf-2d\/\" target=\"_blank\" rel=\"noopener\">33 HZM-R32 \u00d88<\/a>\r\n\r\n<em>installation<\/em>\r\n - with forend cut-out:\r\npdf: <a href=\"https:\/\/www.olda.com\/docs\/olda-33-hzm-r32-bolt-8x60-mg-int-pdf\/\" target=\"_blank\" rel=\"noopener\">33 HZM-R32 \u00d88<\/a>\r\n - without forend cut-out:\r\npdf: <a href=\"https:\/\/www.olda.com\/docs\/olda-33-hzm-r32-bolt-8x60-mg-ext-pdf\/\" target=\"_blank\" rel=\"noopener\">33 HZM-R32 \u00d88<\/a>\r\n<\/pre>\n<pre><strong>product views - 2D<\/strong>\r\n\r\npdf: <a href=\"https:\/\/www.olda.com\/docs\/olda-33-hzm-r32-bolt-8x60-cad-vd-pdf-2d\/\" target=\"_blank\" rel=\"noopener\">33 HZM-R32 \u00d88<\/a>\r\ndxf: <a href=\"https:\/\/www.olda.com\/docs\/olda-33-hzm-r32-bolt-8x60-cad-vd-dxf-2d\/\" target=\"_blank\" rel=\"noopener\">33 HZM-R32 \u00d88<\/a>\r\ndwg: <a href=\"https:\/\/www.olda.com\/docs\/olda-33-hzm-r32-bolt-8x60-cad-vd-dwg-2d\/\" target=\"_blank\" rel=\"noopener\">33 HZM-R32 \u00d88<\/a>\r\n<\/pre>\n<pre><strong>product models - 3D<\/strong>\r\n\r\nstp: <a href=\"https:\/\/www.olda.com\/docs\/olda-33-hzm-r32-bolt-8x60-cad-stp-3d\/\" target=\"_blank\" rel=\"noopener\">33 HZM-R32 \u00d88<\/a>\r\nigs: <a href=\"https:\/\/www.olda.com\/docs\/olda-33-hzm-r32-bolt-8x60-cad-igs-3d\/\" target=\"_blank\" rel=\"noopener\">33 HZM-R32 \u00d88<\/a>\r\ndwg: <a href=\"https:\/\/www.olda.com\/docs\/olda-33-hzm-r32-bolt-8x60-cad-dwg-3d\/\" target=\"_blank\" rel=\"noopener\">33 HZM-R32 \u00d88<\/a>\r\nsat: <a href=\"https:\/\/www.olda.com\/docs\/olda-33-hzm-r32-bolt-8x60-cad-sat-3d\/\" target=\"_blank\" rel=\"noopener\">33 HZM-R32 \u00d88<\/a>\r\nipt: <a href=\"https:\/\/www.olda.com\/docs\/olda-33-hzm-r32-bolt-8x60-cad-ipt-3d\/\" target=\"_blank\" rel=\"noopener\">33 HZM-R32 \u00d88<\/a>\r\nstl: <a href=\"https:\/\/www.olda.com\/docs\/olda-33-hzm-r32-bolt-8x60-cad-stl-3d\/\" target=\"_blank\" rel=\"noopener\">33 HZM-R32 \u00d88<\/a>\r\n\r\npdf 3D: <a href=\"https:\/\/www.olda.com\/docs\/olda-33-hzm-r32-bolt-8x60-cad-pdf-3d\/\" target=\"_blank\" rel=\"noopener\">33 HZM-R32 \u00d88<\/a>\r\n<\/pre>\n","protected":false},"featured_media":5675,"template":"","meta":[],"product_brand":[],"product_cat":[68],"product_tag":[],"class_list":{"0":"post-1952","1":"product","2":"type-product","3":"status-publish","4":"has-post-thumbnail","6":"product_cat-flush-bolts","8":"first","9":"instock","10":"featured","11":"shipping-taxable","12":"product-type-simple"},"_links":{"self":[{"href":"https:\/\/www.olda.com\/en\/wp-json\/wp\/v2\/product\/1952","targetHints":{"allow":["GET"]}}],"collection":[{"href":"https:\/\/www.olda.com\/en\/wp-json\/wp\/v2\/product"}],"about":[{"href":"https:\/\/www.olda.com\/en\/wp-json\/wp\/v2\/types\/product"}],"wp:featuredmedia":[{"embeddable":true,"href":"https:\/\/www.olda.com\/en\/wp-json\/wp\/v2\/media\/5675"}],"wp:attachment":[{"href":"https:\/\/www.olda.com\/en\/wp-json\/wp\/v2\/media?parent=1952"}],"wp:term":[{"taxonomy":"product_brand","embeddable":true,"href":"https:\/\/www.olda.com\/en\/wp-json\/wp\/v2\/product_brand?post=1952"},{"taxonomy":"product_cat","embeddable":true,"href":"https:\/\/www.olda.com\/en\/wp-json\/wp\/v2\/product_cat?post=1952"},{"taxonomy":"product_tag","embeddable":true,"href":"https:\/\/www.olda.com\/en\/wp-json\/wp\/v2\/product_tag?post=1952"}],"curies":[{"name":"wp","href":"https:\/\/api.w.org\/{rel}","templated":true}]}}